{"id":2,"date":"2024-11-23T09:32:47","date_gmt":"2024-11-23T09:32:47","guid":{"rendered":"http:\/\/35.246.141.161\/?page_id=2"},"modified":"2024-11-25T01:42:11","modified_gmt":"2024-11-25T00:42:11","slug":"sample-page","status":"publish","type":"page","link":"https:\/\/www.woeppit.com\/","title":{"rendered":"Thomas W\u00f6pperer M.Sc."},"content":{"rendered":"\n<div class=\"wp-block-group alignfull has-base-2-background-color has-background is-layout-flow wp-block-group-is-layout-flow\" style=\"border-radius:16px;padding-top:var(--wp--preset--spacing--50);padding-right:var(--wp--preset--spacing--50);padding-bottom:var(--wp--preset--spacing--50);padding-left:var(--wp--preset--spacing--50)\">\n<div class=\"wp-block-columns alignwide is-layout-flex wp-container-core-columns-is-layout-28f84493 wp-block-columns-is-layout-flex\">\n<div class=\"wp-block-column is-vertically-aligned-stretch is-layout-flow wp-block-column-is-layout-flow\" style=\"flex-basis:50%\">\n<div class=\"wp-block-group is-vertical is-content-justification-stretch is-layout-flex wp-container-core-group-is-layout-444d5ee8 wp-block-group-is-layout-flex\" style=\"min-height:100%\">\n<h2 class=\"wp-block-heading has-heading-font-family has-x-large-font-size\" id=\"aboutme\" style=\"line-height:1.2\"><strong>\u00dcber mich<\/strong><\/h2>\n\n\n\n<div class=\"wp-block-group is-nowrap is-layout-flex wp-container-core-group-is-layout-6c531013 wp-block-group-is-layout-flex\">\n<p>Ich bin Ihr&nbsp;<strong>universeller IT-Dienstleister<\/strong>&nbsp;und betreue bevorzugt&nbsp;<strong>kleine und mittelst\u00e4ndische Unternehmen<\/strong>&nbsp;\u2013 von der Gr\u00fcndung bis zum laufenden Betrieb. Mein Leistungsspektrum umfasst die&nbsp;<strong>Planung, Erweiterung, Wartung und Aktualisierung<\/strong>&nbsp;Ihrer gesamten IT Infrastruktur.<\/p>\n<\/div>\n\n\n\n<div class=\"wp-block-buttons is-layout-flex wp-block-buttons-is-layout-flex\">\n<div class=\"wp-block-button\"><a class=\"wp-block-button__link wp-element-button\" href=\"#aboutme\">\u00dcber mich<\/a><\/div>\n<\/div>\n<\/div>\n<\/div>\n\n\n\n<div class=\"wp-block-column is-vertically-aligned-center is-layout-flow wp-block-column-is-layout-flow\" style=\"flex-basis:50%\">\n<figure class=\"wp-block-image size-large is-style-rounded is-style-rounded--1\"><img loading=\"lazy\" decoding=\"async\" width=\"1024\" height=\"683\" src=\"https:\/\/www.woeppit.com\/wp-content\/uploads\/2024\/11\/pexels-nic-scrollstoppingphotos-1024x683.jpg\" alt=\"\" class=\"wp-image-35\" style=\"aspect-ratio:3\/4;object-fit:cover\" srcset=\"https:\/\/www.woeppit.com\/wp-content\/uploads\/2024\/11\/pexels-nic-scrollstoppingphotos-1024x683.jpg 1024w, https:\/\/www.woeppit.com\/wp-content\/uploads\/2024\/11\/pexels-nic-scrollstoppingphotos-300x200.jpg 300w, https:\/\/www.woeppit.com\/wp-content\/uploads\/2024\/11\/pexels-nic-scrollstoppingphotos-768x512.jpg 768w, https:\/\/www.woeppit.com\/wp-content\/uploads\/2024\/11\/pexels-nic-scrollstoppingphotos-1536x1024.jpg 1536w, https:\/\/www.woeppit.com\/wp-content\/uploads\/2024\/11\/pexels-nic-scrollstoppingphotos-2048x1365.jpg 2048w\" sizes=\"auto, (max-width: 1024px) 100vw, 1024px\" \/><\/figure>\n<\/div>\n<\/div>\n<\/div>\n\n\n\n<div class=\"wp-block-group alignfull has-base-background-color has-background has-global-padding is-layout-constrained wp-container-core-group-is-layout-d89aad35 wp-block-group-is-layout-constrained\" style=\"margin-top:0;margin-bottom:0;padding-top:var(--wp--preset--spacing--50);padding-right:var(--wp--preset--spacing--50);padding-bottom:var(--wp--preset--spacing--50);padding-left:var(--wp--preset--spacing--50)\">\n<h2 class=\"wp-block-heading\" id=\"experience\">Meine Erfahrung<\/h2>\n\n\n\n<p>Ich habe \u00fcber <strong>10 Jahre Erfahrung<\/strong> im IT-Bereich, diese umfasst die Einrichtung und Wartung von Servern, Netzwerken und Sicherheitsl\u00f6sungen, die <strong>Migration <\/strong>von On-Premise-Systemen in die Cloud sowie die Betreuung von IT-Projekten, einschlie\u00dflich der Administration von Webshops und Backup-Systemen. Als zuverl\u00e4ssiger Partner mit umfangreichem Know-how in <strong>Windows-<\/strong> und Linux-Umgebungen sowie in der Verwaltung moderner IT-L\u00f6sungen wie <strong>Microsoft 365<\/strong>, <strong>Azure <\/strong>und <strong>Next Generation Firewalls<\/strong>, biete ich ma\u00dfgeschneiderte und effiziente IT-L\u00f6sungen, die genau auf die Bed\u00fcrfnisse meiner Kunden abgestimmt sind.<\/p>\n\n\n\n<div class=\"wp-block-buttons is-layout-flex wp-block-buttons-is-layout-flex\">\n<div class=\"wp-block-button\"><a class=\"wp-block-button__link wp-element-button\" href=\"#experience\">Meine Erfahrung<\/a><\/div>\n<\/div>\n<\/div>\n","protected":false},"excerpt":{"rendered":"<p>\u00dcber mich Ich bin Ihr&nbsp;universeller IT-Dienstleister&nbsp;und betreue bevorzugt&nbsp;kleine und mittelst\u00e4ndische Unternehmen&nbsp;\u2013 von der Gr\u00fcndung bis zum laufenden Betrieb. Mein Leistungsspektrum umfasst die&nbsp;Planung, Erweiterung, Wartung und Aktualisierung&nbsp;Ihrer gesamten IT Infrastruktur. Meine Erfahrung Ich habe \u00fcber 10 Jahre Erfahrung im IT-Bereich, diese umfasst die Einrichtung und Wartung von Servern, Netzwerken und Sicherheitsl\u00f6sungen, die Migration von On-Premise-Systemen in [&hellip;]<\/p>\n","protected":false},"author":1,"featured_media":0,"parent":0,"menu_order":0,"comment_status":"closed","ping_status":"open","template":"","meta":{"footnotes":""},"class_list":["post-2","page","type-page","status-publish","hentry"],"aioseo_notices":[],"_links":{"self":[{"href":"https:\/\/www.woeppit.com\/index.php?rest_route=\/wp\/v2\/pages\/2","targetHints":{"allow":["GET"]}}],"collection":[{"href":"https:\/\/www.woeppit.com\/index.php?rest_route=\/wp\/v2\/pages"}],"about":[{"href":"https:\/\/www.woeppit.com\/index.php?rest_route=\/wp\/v2\/types\/page"}],"author":[{"embeddable":true,"href":"https:\/\/www.woeppit.com\/index.php?rest_route=\/wp\/v2\/users\/1"}],"replies":[{"embeddable":true,"href":"https:\/\/www.woeppit.com\/index.php?rest_route=%2Fwp%2Fv2%2Fcomments&post=2"}],"version-history":[{"count":10,"href":"https:\/\/www.woeppit.com\/index.php?rest_route=\/wp\/v2\/pages\/2\/revisions"}],"predecessor-version":[{"id":49,"href":"https:\/\/www.woeppit.com\/index.php?rest_route=\/wp\/v2\/pages\/2\/revisions\/49"}],"wp:attachment":[{"href":"https:\/\/www.woeppit.com\/index.php?rest_route=%2Fwp%2Fv2%2Fmedia&parent=2"}],"curies":[{"name":"wp","href":"https:\/\/api.w.org\/{rel}","templated":true}]}}