{"id":40,"date":"2024-11-25T01:06:39","date_gmt":"2024-11-25T00:06:39","guid":{"rendered":"https:\/\/www.woeppit.com\/?page_id=40"},"modified":"2024-11-25T01:31:23","modified_gmt":"2024-11-25T00:31:23","slug":"impressum","status":"publish","type":"page","link":"https:\/\/www.woeppit.com\/?page_id=40","title":{"rendered":"Impressum"},"content":{"rendered":"\n<div class=\"wp-block-group alignfull has-global-padding is-layout-constrained wp-container-core-group-is-layout-301020a0 wp-block-group-is-layout-constrained\" style=\"padding-top:var(--wp--preset--spacing--50);padding-right:var(--wp--preset--spacing--50);padding-bottom:var(--wp--preset--spacing--50);padding-left:var(--wp--preset--spacing--50)\">\n<div class=\"wp-block-group is-vertical is-content-justification-left is-nowrap is-layout-flex wp-container-core-group-is-layout-970da055 wp-block-group-is-layout-flex\">\n<p style=\"font-style:normal;font-weight:500\">Thomas W\u00f6pperer, M.Sc.<\/p>\n\n\n\n<p><strong>Inhaber:<\/strong><\/p>\n\n\n\n<p>Thomas W\u00f6pperer<\/p>\n<\/div>\n\n\n\n<div class=\"wp-block-group is-vertical is-nowrap is-layout-flex wp-container-core-group-is-layout-3655d5c7 wp-block-group-is-layout-flex\">\n<p style=\"font-style:normal;font-weight:500\"><strong>Firmensitz:<\/strong><\/p>\n\n\n\n<p>Am Kaiserm\u00fchledamm 55-61\/7\/11<\/p>\n\n\n\n<p>1220 Wien<\/p>\n\n\n\n<p>\u00d6sterreich<\/p>\n\n\n\n<p><strong>Beh\u00f6rde gem. ECG (E-Commerce Gesetz):<\/strong><\/p>\n\n\n\n<p>Magistratisches Bezirksamt des XXII. Bezirkes<\/p>\n<\/div>\n<\/div>\n","protected":false},"excerpt":{"rendered":"<p>Thomas W\u00f6pperer, M.Sc. Inhaber: Thomas W\u00f6pperer Firmensitz: Am Kaiserm\u00fchledamm 55-61\/7\/11 1220 Wien \u00d6sterreich Beh\u00f6rde gem. ECG (E-Commerce Gesetz): Magistratisches Bezirksamt des XXII. Bezirkes<\/p>\n","protected":false},"author":1,"featured_media":0,"parent":0,"menu_order":0,"comment_status":"closed","ping_status":"closed","template":"","meta":{"footnotes":""},"class_list":["post-40","page","type-page","status-publish","hentry"],"aioseo_notices":[],"_links":{"self":[{"href":"https:\/\/www.woeppit.com\/index.php?rest_route=\/wp\/v2\/pages\/40","targetHints":{"allow":["GET"]}}],"collection":[{"href":"https:\/\/www.woeppit.com\/index.php?rest_route=\/wp\/v2\/pages"}],"about":[{"href":"https:\/\/www.woeppit.com\/index.php?rest_route=\/wp\/v2\/types\/page"}],"author":[{"embeddable":true,"href":"https:\/\/www.woeppit.com\/index.php?rest_route=\/wp\/v2\/users\/1"}],"replies":[{"embeddable":true,"href":"https:\/\/www.woeppit.com\/index.php?rest_route=%2Fwp%2Fv2%2Fcomments&post=40"}],"version-history":[{"count":1,"href":"https:\/\/www.woeppit.com\/index.php?rest_route=\/wp\/v2\/pages\/40\/revisions"}],"predecessor-version":[{"id":42,"href":"https:\/\/www.woeppit.com\/index.php?rest_route=\/wp\/v2\/pages\/40\/revisions\/42"}],"wp:attachment":[{"href":"https:\/\/www.woeppit.com\/index.php?rest_route=%2Fwp%2Fv2%2Fmedia&parent=40"}],"curies":[{"name":"wp","href":"https:\/\/api.w.org\/{rel}","templated":true}]}}